{"id":648,"date":"2026-02-26T17:51:51","date_gmt":"2026-02-26T16:51:51","guid":{"rendered":"https:\/\/xavierbrunet.fr\/?page_id=648"},"modified":"2026-02-26T17:53:27","modified_gmt":"2026-02-26T16:53:27","slug":"conseils-et-patrimoine","status":"publish","type":"page","link":"https:\/\/xavierbrunet.fr\/?page_id=648","title":{"rendered":"CONSEILS ET PATRIMOINE"},"content":{"rendered":"\n<h2 class=\"wp-block-heading\">Le conseil en gestion de patrimoine \ud83c\udfe1<\/h2>\n\n\n\n<h3 class=\"wp-block-heading\">Une vision globale, un accompagnement sur mesure, dans la dur\u00e9e<\/h3>\n\n\n\n<p>J&rsquo;\u2019exerce une activit\u00e9 de <strong>conseiller en gestion de patrimoine<\/strong>, sous un <strong>statut r\u00e9glement\u00e9 de Conseiller en Investissements Financiers (CIF)<\/strong>.<\/p>\n\n\n\n<p>Cette activit\u00e9 s\u2019adresse \u00e0 celles et ceux qui souhaitent \u00eatre accompagn\u00e9s de mani\u00e8re structur\u00e9e, r\u00e9fl\u00e9chie et durable dans la gestion, l\u2019optimisation et le d\u00e9veloppement de leur patrimoine.<\/p>\n\n\n\n<h3 class=\"wp-block-heading\">Une approche fond\u00e9e sur l\u2019\u00e9coute et la compr\u00e9hension de vos objectifs \ud83e\udded<\/h3>\n\n\n\n<p>Parce que chaque situation patrimoniale est unique, mon r\u00f4le consiste avant tout \u00e0 comprendre votre parcours, vos attentes et vos projets de vie.<br>Cette analyse globale permet de d\u00e9finir une strat\u00e9gie coh\u00e9rente, align\u00e9e avec :<\/p>\n\n\n\n<ul class=\"wp-block-list\">\n<li>vos objectifs personnels et familiaux<\/li>\n\n\n\n<li>votre horizon d\u2019investissement<\/li>\n\n\n\n<li>votre sensibilit\u00e9 au risque<\/li>\n\n\n\n<li>vos priorit\u00e9s \u00e0 court, moyen et long terme<\/li>\n<\/ul>\n\n\n\n<p>\u00c0 partir de cette r\u00e9flexion, je s\u00e9lectionne des <strong>solutions adapt\u00e9es et sur mesure<\/strong>, con\u00e7ues pour r\u00e9pondre pr\u00e9cis\u00e9ment \u00e0 votre situation et \u00e0 vos ambitions.<\/p>\n\n\n\n<h3 class=\"wp-block-heading\">Un accompagnement dans le temps, au-del\u00e0 de la simple recommandation <\/h3>\n\n\n\n<p>Le conseil en gestion de patrimoine ne se limite pas \u00e0 une pr\u00e9conisation ponctuelle.\u23f3<br>Ma mission s\u2019inscrit dans la dur\u00e9e, avec un <strong>suivi r\u00e9gulier et \u00e9volutif<\/strong>, afin de :<\/p>\n\n\n\n<ul class=\"wp-block-list\">\n<li>ajuster les strat\u00e9gies en fonction de l\u2019\u00e9volution de votre situation personnelle ou professionnelle<\/li>\n\n\n\n<li>adapter les solutions aux changements de contexte \u00e9conomique, financier ou r\u00e9glementaire<\/li>\n\n\n\n<li>vous accompagner lors des d\u00e9cisions structurantes et des arbitrages importants<\/li>\n<\/ul>\n\n\n\n<p>Vous b\u00e9n\u00e9ficiez ainsi d\u2019un <strong>interlocuteur unique<\/strong>, engag\u00e9 \u00e0 vos c\u00f4t\u00e9s, dans une relation de confiance et de continuit\u00e9.<\/p>\n\n\n\n<h3 class=\"wp-block-heading\">Un appui strat\u00e9gique pour prendre les bonnes d\u00e9cisions \u2696\ufe0f<\/h3>\n\n\n\n<p>Mon r\u00f4le est de vous apporter <strong>clart\u00e9, p\u00e9dagogie et s\u00e9r\u00e9nit\u00e9<\/strong> face \u00e0 des choix parfois complexes.<br>Je vous aide \u00e0 comprendre les enjeux, \u00e0 mesurer les impacts et \u00e0 prendre des d\u00e9cisions \u00e9clair\u00e9es, en parfaite coh\u00e9rence avec vos objectifs patrimoniaux.<\/p>\n\n\n\n<p>Le conseil que je propose vise \u00e0 s\u00e9curiser vos d\u00e9cisions tout en donnant du sens \u00e0 votre strat\u00e9gie patrimoniale, aujourd\u2019hui comme demain.<\/p>\n\n\n\n<hr class=\"wp-block-separator has-alpha-channel-opacity\"\/>\n\n\n\n<h3 class=\"wp-block-heading\">Conseiller en Investissements Financiers (CIF)<\/h3>\n\n\n\n<figure class=\"wp-block-image size-full\"><img loading=\"lazy\" decoding=\"async\" width=\"102\" height=\"100\" src=\"https:\/\/xavierbrunet.fr\/wp-content\/uploads\/2026\/02\/LOGO-CANVA-3.jpg\" alt=\"\" class=\"wp-image-652\"\/><\/figure>\n\n\n\n<p>L\u2019activit\u00e9 de conseil en investissements financiers est exerc\u00e9e dans le respect du cadre r\u00e9glementaire en vigueur.<\/p>\n\n\n\n<ul class=\"wp-block-list\">\n<li>Statut : <strong>Conseiller en Investissements Financiers (CIF)<\/strong><\/li>\n\n\n\n<li>Immatriculation ORIAS : <strong>n\u00b0 25005030<\/strong><\/li>\n\n\n\n<li>Activit\u00e9 exerc\u00e9e sous le contr\u00f4le de l\u2019Autorit\u00e9 des March\u00e9s Financiers (AMF)<\/li>\n\n\n\n<li>Adh\u00e9rent \u00e0 une association agr\u00e9\u00e9e par l\u2019AMF : CNCEF<\/li>\n<\/ul>\n\n\n\n<p>Les conseils fournis tiennent compte de la situation personnelle, des objectifs et du profil de chaque client, dans le respect des obligations r\u00e9glementaires et d\u00e9ontologiques applicables au statut de CIF.<\/p>\n","protected":false},"excerpt":{"rendered":"<p>Le conseil en gestion de patrimoine \ud83c\udfe1 Une vision globale, un accompagnement sur mesure, dans la dur\u00e9e J&rsquo;\u2019exerce une activit\u00e9 de conseiller en gestion de patrimoine, sous un statut r\u00e9glement\u00e9 de Conseiller en Investissements Financiers (CIF). Cette activit\u00e9 s\u2019adresse \u00e0 celles et ceux qui souhaitent \u00eatre accompagn\u00e9s de mani\u00e8re structur\u00e9e, r\u00e9fl\u00e9chie et durable dans la [&hellip;]<\/p>\n","protected":false},"author":1,"featured_media":0,"parent":0,"menu_order":0,"comment_status":"closed","ping_status":"closed","template":"","meta":{"_acf_changed":false,"footnotes":""},"class_list":["post-648","page","type-page","status-publish","hentry"],"acf":[],"yoast_head":"<!-- This site is optimized with the Yoast SEO plugin v24.7 - https:\/\/yoast.com\/wordpress\/plugins\/seo\/ -->\n<title>CONSEILS ET PATRIMOINE - XB ISCONSEILS<\/title>\n<meta name=\"description\" content=\"Conseil en gestion de patrimoine sur mesure. Accompagnement durable, d\u00e9cisions \u00e9clair\u00e9es et solutions adapt\u00e9es \u00e0 vos objectifs patrimoniaux.\" \/>\n<meta name=\"robots\" content=\"index, follow, max-snippet:-1, max-image-preview:large, max-video-preview:-1\" \/>\n<link rel=\"canonical\" href=\"https:\/\/xavierbrunet.fr\/?page_id=648\" \/>\n<meta property=\"og:locale\" content=\"fr_FR\" \/>\n<meta property=\"og:type\" content=\"article\" \/>\n<meta property=\"og:title\" content=\"CONSEILS ET PATRIMOINE - XB ISCONSEILS\" \/>\n<meta property=\"og:description\" content=\"Conseil en gestion de patrimoine sur mesure. Accompagnement durable, d\u00e9cisions \u00e9clair\u00e9es et solutions adapt\u00e9es \u00e0 vos objectifs patrimoniaux.\" \/>\n<meta property=\"og:url\" content=\"https:\/\/xavierbrunet.fr\/?page_id=648\" \/>\n<meta property=\"og:site_name\" content=\"XB ISCONSEILS\" \/>\n<meta property=\"article:modified_time\" content=\"2026-02-26T16:53:27+00:00\" \/>\n<meta property=\"og:image\" content=\"https:\/\/xavierbrunet.fr\/wp-content\/uploads\/2026\/02\/LOGO-CANVA-3.jpg\" \/>\n\t<meta property=\"og:image:width\" content=\"102\" \/>\n\t<meta property=\"og:image:height\" content=\"100\" \/>\n\t<meta property=\"og:image:type\" content=\"image\/jpeg\" \/>\n<meta name=\"twitter:card\" content=\"summary_large_image\" \/>\n<meta name=\"twitter:label1\" content=\"Dur\u00e9e de lecture estim\u00e9e\" \/>\n\t<meta name=\"twitter:data1\" content=\"3 minutes\" \/>\n<script type=\"application\/ld+json\" class=\"yoast-schema-graph\">{\"@context\":\"https:\/\/schema.org\",\"@graph\":[{\"@type\":\"WebPage\",\"@id\":\"https:\/\/xavierbrunet.fr\/?page_id=648\",\"url\":\"https:\/\/xavierbrunet.fr\/?page_id=648\",\"name\":\"CONSEILS ET PATRIMOINE - XB ISCONSEILS\",\"isPartOf\":{\"@id\":\"https:\/\/xavierbrunet.fr\/#website\"},\"primaryImageOfPage\":{\"@id\":\"https:\/\/xavierbrunet.fr\/?page_id=648#primaryimage\"},\"image\":{\"@id\":\"https:\/\/xavierbrunet.fr\/?page_id=648#primaryimage\"},\"thumbnailUrl\":\"https:\/\/xavierbrunet.fr\/wp-content\/uploads\/2026\/02\/LOGO-CANVA-3.jpg\",\"datePublished\":\"2026-02-26T16:51:51+00:00\",\"dateModified\":\"2026-02-26T16:53:27+00:00\",\"description\":\"Conseil en gestion de patrimoine sur mesure. Accompagnement durable, d\u00e9cisions \u00e9clair\u00e9es et solutions adapt\u00e9es \u00e0 vos objectifs patrimoniaux.\",\"breadcrumb\":{\"@id\":\"https:\/\/xavierbrunet.fr\/?page_id=648#breadcrumb\"},\"inLanguage\":\"fr-FR\",\"potentialAction\":[{\"@type\":\"ReadAction\",\"target\":[\"https:\/\/xavierbrunet.fr\/?page_id=648\"]}]},{\"@type\":\"ImageObject\",\"inLanguage\":\"fr-FR\",\"@id\":\"https:\/\/xavierbrunet.fr\/?page_id=648#primaryimage\",\"url\":\"https:\/\/xavierbrunet.fr\/wp-content\/uploads\/2026\/02\/LOGO-CANVA-3.jpg\",\"contentUrl\":\"https:\/\/xavierbrunet.fr\/wp-content\/uploads\/2026\/02\/LOGO-CANVA-3.jpg\",\"width\":102,\"height\":100},{\"@type\":\"BreadcrumbList\",\"@id\":\"https:\/\/xavierbrunet.fr\/?page_id=648#breadcrumb\",\"itemListElement\":[{\"@type\":\"ListItem\",\"position\":1,\"name\":\"Accueil\",\"item\":\"https:\/\/xavierbrunet.fr\/\"},{\"@type\":\"ListItem\",\"position\":2,\"name\":\"CONSEILS ET PATRIMOINE\"}]},{\"@type\":\"WebSite\",\"@id\":\"https:\/\/xavierbrunet.fr\/#website\",\"url\":\"https:\/\/xavierbrunet.fr\/\",\"name\":\"XB ISCONSEILS\",\"description\":\"Un site utilisant WordPress\",\"publisher\":{\"@id\":\"https:\/\/xavierbrunet.fr\/#organization\"},\"potentialAction\":[{\"@type\":\"SearchAction\",\"target\":{\"@type\":\"EntryPoint\",\"urlTemplate\":\"https:\/\/xavierbrunet.fr\/?s={search_term_string}\"},\"query-input\":{\"@type\":\"PropertyValueSpecification\",\"valueRequired\":true,\"valueName\":\"search_term_string\"}}],\"inLanguage\":\"fr-FR\"},{\"@type\":\"Organization\",\"@id\":\"https:\/\/xavierbrunet.fr\/#organization\",\"name\":\"XB ISCONSEILS\",\"url\":\"https:\/\/xavierbrunet.fr\/\",\"logo\":{\"@type\":\"ImageObject\",\"inLanguage\":\"fr-FR\",\"@id\":\"https:\/\/xavierbrunet.fr\/#\/schema\/logo\/image\/\",\"url\":\"https:\/\/xavierbrunet.fr\/wp-content\/uploads\/2025\/03\/logo-XB-transparent-2.png\",\"contentUrl\":\"https:\/\/xavierbrunet.fr\/wp-content\/uploads\/2025\/03\/logo-XB-transparent-2.png\",\"width\":248,\"height\":119,\"caption\":\"XB ISCONSEILS\"},\"image\":{\"@id\":\"https:\/\/xavierbrunet.fr\/#\/schema\/logo\/image\/\"}}]}<\/script>\n<!-- \/ Yoast SEO plugin. -->","yoast_head_json":{"title":"CONSEILS ET PATRIMOINE - XB ISCONSEILS","description":"Conseil en gestion de patrimoine sur mesure. Accompagnement durable, d\u00e9cisions \u00e9clair\u00e9es et solutions adapt\u00e9es \u00e0 vos objectifs patrimoniaux.","robots":{"index":"index","follow":"follow","max-snippet":"max-snippet:-1","max-image-preview":"max-image-preview:large","max-video-preview":"max-video-preview:-1"},"canonical":"https:\/\/xavierbrunet.fr\/?page_id=648","og_locale":"fr_FR","og_type":"article","og_title":"CONSEILS ET PATRIMOINE - XB ISCONSEILS","og_description":"Conseil en gestion de patrimoine sur mesure. Accompagnement durable, d\u00e9cisions \u00e9clair\u00e9es et solutions adapt\u00e9es \u00e0 vos objectifs patrimoniaux.","og_url":"https:\/\/xavierbrunet.fr\/?page_id=648","og_site_name":"XB ISCONSEILS","article_modified_time":"2026-02-26T16:53:27+00:00","og_image":[{"width":102,"height":100,"url":"https:\/\/xavierbrunet.fr\/wp-content\/uploads\/2026\/02\/LOGO-CANVA-3.jpg","type":"image\/jpeg"}],"twitter_card":"summary_large_image","twitter_misc":{"Dur\u00e9e de lecture estim\u00e9e":"3 minutes"},"schema":{"@context":"https:\/\/schema.org","@graph":[{"@type":"WebPage","@id":"https:\/\/xavierbrunet.fr\/?page_id=648","url":"https:\/\/xavierbrunet.fr\/?page_id=648","name":"CONSEILS ET PATRIMOINE - XB ISCONSEILS","isPartOf":{"@id":"https:\/\/xavierbrunet.fr\/#website"},"primaryImageOfPage":{"@id":"https:\/\/xavierbrunet.fr\/?page_id=648#primaryimage"},"image":{"@id":"https:\/\/xavierbrunet.fr\/?page_id=648#primaryimage"},"thumbnailUrl":"https:\/\/xavierbrunet.fr\/wp-content\/uploads\/2026\/02\/LOGO-CANVA-3.jpg","datePublished":"2026-02-26T16:51:51+00:00","dateModified":"2026-02-26T16:53:27+00:00","description":"Conseil en gestion de patrimoine sur mesure. Accompagnement durable, d\u00e9cisions \u00e9clair\u00e9es et solutions adapt\u00e9es \u00e0 vos objectifs patrimoniaux.","breadcrumb":{"@id":"https:\/\/xavierbrunet.fr\/?page_id=648#breadcrumb"},"inLanguage":"fr-FR","potentialAction":[{"@type":"ReadAction","target":["https:\/\/xavierbrunet.fr\/?page_id=648"]}]},{"@type":"ImageObject","inLanguage":"fr-FR","@id":"https:\/\/xavierbrunet.fr\/?page_id=648#primaryimage","url":"https:\/\/xavierbrunet.fr\/wp-content\/uploads\/2026\/02\/LOGO-CANVA-3.jpg","contentUrl":"https:\/\/xavierbrunet.fr\/wp-content\/uploads\/2026\/02\/LOGO-CANVA-3.jpg","width":102,"height":100},{"@type":"BreadcrumbList","@id":"https:\/\/xavierbrunet.fr\/?page_id=648#breadcrumb","itemListElement":[{"@type":"ListItem","position":1,"name":"Accueil","item":"https:\/\/xavierbrunet.fr\/"},{"@type":"ListItem","position":2,"name":"CONSEILS ET PATRIMOINE"}]},{"@type":"WebSite","@id":"https:\/\/xavierbrunet.fr\/#website","url":"https:\/\/xavierbrunet.fr\/","name":"XB ISCONSEILS","description":"Un site utilisant WordPress","publisher":{"@id":"https:\/\/xavierbrunet.fr\/#organization"},"potentialAction":[{"@type":"SearchAction","target":{"@type":"EntryPoint","urlTemplate":"https:\/\/xavierbrunet.fr\/?s={search_term_string}"},"query-input":{"@type":"PropertyValueSpecification","valueRequired":true,"valueName":"search_term_string"}}],"inLanguage":"fr-FR"},{"@type":"Organization","@id":"https:\/\/xavierbrunet.fr\/#organization","name":"XB ISCONSEILS","url":"https:\/\/xavierbrunet.fr\/","logo":{"@type":"ImageObject","inLanguage":"fr-FR","@id":"https:\/\/xavierbrunet.fr\/#\/schema\/logo\/image\/","url":"https:\/\/xavierbrunet.fr\/wp-content\/uploads\/2025\/03\/logo-XB-transparent-2.png","contentUrl":"https:\/\/xavierbrunet.fr\/wp-content\/uploads\/2025\/03\/logo-XB-transparent-2.png","width":248,"height":119,"caption":"XB ISCONSEILS"},"image":{"@id":"https:\/\/xavierbrunet.fr\/#\/schema\/logo\/image\/"}}]}},"_links":{"self":[{"href":"https:\/\/xavierbrunet.fr\/index.php?rest_route=\/wp\/v2\/pages\/648","targetHints":{"allow":["GET"]}}],"collection":[{"href":"https:\/\/xavierbrunet.fr\/index.php?rest_route=\/wp\/v2\/pages"}],"about":[{"href":"https:\/\/xavierbrunet.fr\/index.php?rest_route=\/wp\/v2\/types\/page"}],"author":[{"embeddable":true,"href":"https:\/\/xavierbrunet.fr\/index.php?rest_route=\/wp\/v2\/users\/1"}],"replies":[{"embeddable":true,"href":"https:\/\/xavierbrunet.fr\/index.php?rest_route=%2Fwp%2Fv2%2Fcomments&post=648"}],"version-history":[{"count":2,"href":"https:\/\/xavierbrunet.fr\/index.php?rest_route=\/wp\/v2\/pages\/648\/revisions"}],"predecessor-version":[{"id":655,"href":"https:\/\/xavierbrunet.fr\/index.php?rest_route=\/wp\/v2\/pages\/648\/revisions\/655"}],"wp:attachment":[{"href":"https:\/\/xavierbrunet.fr\/index.php?rest_route=%2Fwp%2Fv2%2Fmedia&parent=648"}],"curies":[{"name":"wp","href":"https:\/\/api.w.org\/{rel}","templated":true}]}}